{"id":16,"date":"2022-01-07T10:58:40","date_gmt":"2022-01-07T10:58:40","guid":{"rendered":"https:\/\/greenyellow-alligator-204266.hostingersite.com\/residencial\/?page_id=16"},"modified":"2025-07-30T16:18:31","modified_gmt":"2025-07-30T14:18:31","slug":"aviso-legal","status":"publish","type":"page","link":"https:\/\/innotecgrupo.com\/residencial\/aviso-legal\/","title":{"rendered":"Aviso legal"},"content":{"rendered":"\t\t<div data-elementor-type=\"wp-page\" data-elementor-id=\"16\" class=\"elementor elementor-16\" data-elementor-post-type=\"page\">\n\t\t\t\t<div class=\"has_ae_slider elementor-element elementor-element-f162e3a e-flex e-con-boxed ae-bg-gallery-type-default e-con e-parent\" data-id=\"f162e3a\" data-element_type=\"container\" data-e-type=\"container\" data-settings=\"{&quot;background_background&quot;:&quot;gradient&quot;}\">\n\t\t\t\t\t<div class=\"e-con-inner\">\n\t\t<div class=\"has_ae_slider elementor-element elementor-element-c9248f3 e-con-full e-flex ae-bg-gallery-type-default e-con e-child\" data-id=\"c9248f3\" data-element_type=\"container\" data-e-type=\"container\">\n\t\t\t\t<div class=\"elementor-element elementor-element-fd0398b elementor-widget elementor-widget-heading\" data-id=\"fd0398b\" data-element_type=\"widget\" data-e-type=\"widget\" data-widget_type=\"heading.default\">\n\t\t\t\t<div class=\"elementor-widget-container\">\n\t\t\t\t\t<h1 class=\"elementor-heading-title elementor-size-default\">AVISO LEGAL\n<\/h1>\t\t\t\t<\/div>\n\t\t\t\t<\/div>\n\t\t\t\t<\/div>\n\t\t\t\t\t<\/div>\n\t\t\t\t<\/div>\n\t\t<div class=\"has_ae_slider elementor-element elementor-element-efb16e7 e-flex e-con-boxed ae-bg-gallery-type-default e-con e-parent\" data-id=\"efb16e7\" data-element_type=\"container\" data-e-type=\"container\" data-settings=\"{&quot;background_background&quot;:&quot;classic&quot;}\">\n\t\t\t\t\t<div class=\"e-con-inner\">\n\t\t\t\t<div class=\"elementor-element elementor-element-2cc7af2a elementor-widget elementor-widget-ee-breadcrumbs\" data-id=\"2cc7af2a\" data-element_type=\"widget\" data-e-type=\"widget\" data-widget_type=\"ee-breadcrumbs.default\">\n\t\t\t\t<div class=\"elementor-widget-container\">\n\t\t\t\t\t<ul class=\"ee-breadcrumbs\" itemscope=\"\" itemtype=\"http:\/\/schema.org\/BreadcrumbList\"><\/ul>\t\t\t\t<\/div>\n\t\t\t\t<\/div>\n\t\t\t\t\t<\/div>\n\t\t\t\t<\/div>\n\t\t<div class=\"has_ae_slider elementor-element elementor-element-137cd29 e-flex e-con-boxed ae-bg-gallery-type-default e-con e-parent\" data-id=\"137cd29\" data-element_type=\"container\" data-e-type=\"container\">\n\t\t\t\t\t<div class=\"e-con-inner\">\n\t\t<div class=\"has_ae_slider elementor-element elementor-element-9a014e2 e-con-full e-flex ae-bg-gallery-type-default e-con e-child\" data-id=\"9a014e2\" data-element_type=\"container\" data-e-type=\"container\">\n\t\t\t\t<div class=\"elementor-element elementor-element-c2da01a elementor-widget elementor-widget-text-editor\" data-id=\"c2da01a\" data-element_type=\"widget\" data-e-type=\"widget\" data-widget_type=\"text-editor.default\">\n\t\t\t\t<div class=\"elementor-widget-container\">\n\t\t\t\t\t\t\t\t\t<p>En cumplimiento del art. 10 de la Ley 34\/2002, de 11 de julio, de Servicios de la Sociedad de la Informaci\u00f3n y de Comercio Electr\u00f3nico (LSSI+CE), se le informa:<\/p><p>\u00a0<\/p><p>El titular de la p\u00e1gina <strong>https:\/\/innotecgrupo.com\/<\/strong> es:<\/p><p>\u00a0<\/p><p>Denominaci\u00f3n Social:\u00a0\u00a0 <strong>INNOTEC GESTION INSTALACIONES S.L.<\/strong><\/p><ul><li>CIF: \u00a0<strong>B-99333106 <\/strong><\/li><li>Domicilio: <strong>C\/ Monasterio Descalzas Reales, n.\u00ba 21, Nave 9, 50014 de Zaragoza<\/strong><\/li><li>Tel\u00e9fono: <strong>976547332\u00a0<\/strong><\/li><li>Email: <strong><span style=\"color: #0000ff;\"><a style=\"color: #0000ff;\" href=\"mailto:info@innotecgrupo.com\">info@innotecgrupo.com<\/a> <\/span><\/strong><\/li><li>Datos Registrales: <strong>N\u00ba registro: tomo 3886, folio 99, inscripci\u00f3n 1, hoja Z52597<\/strong><br \/>\u00a0 \u00a0 \u00a0 \u00a0 \u00a0 \u00a0 \u00a0 \u00a0 \u00a0 \u00a0<span style=\"color: #0000ff;\">\u00a0\u00a0<\/span>\u00a0 \u00a0 \u00a0 \u00a0 \u00a0 \u00a0 \u00a0 \u00a0<\/li><\/ul><p>El presente Aviso Legal se encuentra redactado en idioma Castellano.<\/p><p>\u00a0<\/p><p><strong>SUS DATOS<\/strong><\/p><p>La informaci\u00f3n o datos personales que el usuario facilite ser\u00e1n tratados con arreglo a lo establecido en las Pol\u00edticas de Protecci\u00f3n de Datos. El usuario declara que toda la informaci\u00f3n o datos que sean facilitados son veraces y se corresponden con la realidad.<\/p><p><strong>\u00a0<\/strong><\/p><p><strong>PRIVACIDAD\/PROTECCI\u00d3N DE DATOS PERSONALES<\/strong><\/p><p>INNOTEC GESTION DE INSTALACIONES, S.L. cumple con las directrices Reglamento General de Protecci\u00f3n de datos (Reglamento (UE) 2016\/679) y dem\u00e1s normativa vigente en cada momento, y vela por garantizar un correcto uso y tratamiento de los datos personales del usuario.<\/p><p>\u00a0<\/p><p>Para ello, junto a cada formulario de recabo de datos de car\u00e1cter personal, se har\u00e1 saber al usuario de la existencia y aceptaci\u00f3n de las condiciones particulares del tratamiento de sus datos en cada caso, inform\u00e1ndole del responsable del tratamiento realizado, la direcci\u00f3n del responsable, la posibilidad de ejercer sus derechos de acceso, rectificaci\u00f3n, supresi\u00f3n, oposici\u00f3n, limitaci\u00f3n y portabilidad, la finalidad del tratamiento y las comunicaciones de datos a terceros en su caso.<\/p><p>\u00a0<\/p><p>Asimismo, INNOTEC GESTION DE INSTALACIONES, S.L. creadora del sitio web informa que da cumplimiento a la Ley 34\/2002 de 11 de julio, de Servicios de la Sociedad de la Informaci\u00f3n y el Comercio Electr\u00f3nico y solicitar\u00e1 al usuario su consentimiento al tratamiento de su correo electr\u00f3nico con fines comerciales en cada momento.<\/p><p><strong>\u00a0<\/strong><\/p><p><strong>MENORES DE EDAD<\/strong><\/p><p>Los contenidos de la P\u00e1gina Web est\u00e1n dirigidos a personas mayores de edad. INNOTEC GESTION DE INSTALACIONES, S.L. no pretende obtener datos de personas menores de edad. Cuando INNOTEC GESTION DE INSTALACIONES, S.L. tenga conocimiento de que existen en su fichero datos de car\u00e1cter personal de un menor, proceder\u00e1 de inmediato a cancelar dichos datos.<\/p><p>\u00a0<\/p><p><strong>OBLIGACIONES DEL USUARIO<\/strong><\/p><p>El usuario deber\u00e1 respetar en todo momento los t\u00e9rminos y condiciones establecidos por la p\u00e1gina web.<\/p><p>\u00a0<\/p><p>El usuario utilizar\u00e1 la p\u00e1gina web de forma diligente y asumiendo cualquier responsabilidad que pudiera derivarse al incumplir los t\u00e9rminos y condiciones de la p\u00e1gina web.<\/p><p>\u00a0<\/p><p>El usuario no podr\u00e1 utilizar la p\u00e1gina web para transmitir, almacenar, divulgar, promover o distribuir datos o contenidos que sean portadores de virus o cualquier otro c\u00f3digo inform\u00e1tico, archivos o programas dise\u00f1ados para interrumpir, destruir o perjudicar el funcionamiento de cualquier programa o equipo inform\u00e1tico o de telecomunicaciones.<\/p><p>\u00a0<\/p><p><strong>PROPIEDAD INDUSTRIAL E INTELECTUAL<\/strong><\/p><p>INNOTEC GESTION DE INSTALACIONES, S.L. por s\u00ed o como cesionaria, es titular de todos los derechos de propiedad intelectual e industrial de su p\u00e1gina web, as\u00ed como de los elementos contenidos en la misma (a t\u00edtulo enunciativo, im\u00e1genes, sonido, audio, v\u00eddeo, software o textos; marcas o logotipos, combinaciones de colores, estructura y dise\u00f1o, selecci\u00f3n de materiales usados, programas de ordenador necesarios para su funcionamiento, acceso y uso, etc.).<\/p><p>\u00a0<\/p><p>En virtud de lo dispuesto en los art\u00edculos 8 y 32.1, p\u00e1rrafo segundo, de la Ley de Propiedad Intelectual, quedan expresamente prohibidas la reproducci\u00f3n, la distribuci\u00f3n y la comunicaci\u00f3n p\u00fablica, incluida su modalidad de puesta a disposici\u00f3n, de la totalidad o parte de los contenidos de esta p\u00e1gina web, con fines comerciales, en cualquier soporte y por cualquier medio t\u00e9cnico, sin la autorizaci\u00f3n de INNOTEC GESTION DE INSTALACIONES, S.L. Todos los derechos reservados.<\/p><p>\u00a0<\/p><p>El USUARIO se compromete a respetar los derechos de Propiedad Intelectual e Industrial titularidad de INNOTEC GESTION DE INSTALACIONES, S.L. Podr\u00e1 visualizar los elementos del portal e incluso imprimirlos, copiarlos y almacenarlos en el disco duro de su ordenador o en cualquier otro soporte f\u00edsico siempre y cuando sea, \u00fanica y exclusivamente, para su uso personal y privado. El USUARIO deber\u00e1 abstenerse de suprimir, alterar, eludir o manipular cualquier dispositivo de protecci\u00f3n o sistema de seguridad que estuviera instalado en las p\u00e1ginas de INNOTEC GESTION DE INSTALACIONES, S.L.<\/p><p>\u00a0<\/p><p><strong>DERECHO DE EXCLUSI\u00d3N<\/strong><\/p><p>INNOTEC GESTION DE INSTALACIONES, S.L. se reserva el derecho a denegar o retirar el acceso a portal y\/o los servicios ofrecidos sin necesidad de preaviso, a instancia propia o de un tercero, a aquellos usuarios que incumplan las condiciones expuestas.<\/p><p>INNOTEC GESTION DE INSTALACIONES, S.L. perseguir\u00e1 la utilizaci\u00f3n indebida de su portal ejerciendo todas las acciones civiles y penales que le puedan corresponder en derecho.<\/p><p><strong>\u00a0<\/strong><\/p><p><strong>MODIFICACIONES Y ENLACES<\/strong><\/p><p>INNOTEC GESTION DE INSTALACIONES, S.L. se reserva el derecho de efectuar sin previo aviso las modificaciones que considere oportunas en su sitio web, pudiendo cambiar, suprimir o a\u00f1adir tanto los contenidos y servicios que presta como la forma en la que \u00e9stos aparezcan presentados o localizados, as\u00ed como en las Condiciones Generales de Contrataci\u00f3n aqu\u00ed determinadas.<\/p><p>\u00a0<\/p><p>INNOTEC GESTION DE INSTALACIONES, S.L. no se responsabiliza del mal uso que se realice de los contenidos de su p\u00e1gina web, siendo exclusiva responsabilidad de la persona que accede a ellos o los utiliza.<\/p><p>\u00a0<\/p><p>En el caso de que en <strong>https:\/\/innotecgrupo.com\/<\/strong> se dispusiesen enlaces o hiperv\u00ednculos hac\u00eda otros sitios de Internet, INNOTEC GESTION DE INSTALACIONES, S.L. creadora del sitio web no ejercer\u00e1 ning\u00fan tipo de control sobre dichos sitios y contenidos. En ning\u00fan caso INNOTEC GESTION DE INSTALACIONES, S.L. creadora del sitio web asumir\u00e1 responsabilidad alguna por los contenidos de alg\u00fan enlace perteneciente a un sitio web ajeno, ni garantizar\u00e1 la disponibilidad t\u00e9cnica, calidad, fiabilidad, exactitud, amplitud, veracidad, validez y constitucionalidad de cualquier material o informaci\u00f3n contenida en ninguno de dichos hiperv\u00ednculos u otros sitios de Internet. Igualmente, la inclusi\u00f3n de estas conexiones externas no implicar\u00e1 ning\u00fan tipo de asociaci\u00f3n, fusi\u00f3n o participaci\u00f3n con las entidades conectadas.<\/p><p><strong>\u00a0<\/strong><\/p><p><strong>LEY APLICABLE Y JURISDICCI\u00d3N COMPETENTE<\/strong><\/p><p>Las condiciones de uso de la P\u00e1gina Web contenidas en este Aviso Legal, as\u00ed como las relaciones entre el usuario y INNOTEC GESTION DE INSTALACIONES, S.L., se regir\u00e1n e interpretar\u00e1n de acuerdo con las leyes espa\u00f1olas. Para la soluci\u00f3n de cualquier conflicto que pudiera suscitarse, el usuario y INNOTEC GESTION DE INSTALACIONES, S.L. se someten expresamente a la competencia y jurisdicci\u00f3n de los juzgados y tribunales de la ciudad de ZARAGOZA, renunciando expresamente a cualquier otro fuero que pudiese corresponderles.<\/p>\t\t\t\t\t\t\t\t<\/div>\n\t\t\t\t<\/div>\n\t\t\t\t<\/div>\n\t\t\t\t\t<\/div>\n\t\t\t\t<\/div>\n\t\t\t\t<\/div>\n\t\t","protected":false},"excerpt":{"rendered":"<p>AVISO LEGAL En cumplimiento del art. 10 de la Ley 34\/2002, de 11 de julio, de Servicios de la Sociedad de la Informaci\u00f3n y de Comercio Electr\u00f3nico (LSSI+CE), se le informa: \u00a0 El titular de la p\u00e1gina https:\/\/innotecgrupo.com\/ es: \u00a0 Denominaci\u00f3n Social:\u00a0\u00a0 INNOTEC GESTION INSTALACIONES S.L. CIF: \u00a0B-99333106 Domicilio: C\/ Monasterio Descalzas Reales, n.\u00ba 21, [&hellip;]<\/p>\n","protected":false},"author":9,"featured_media":0,"parent":0,"menu_order":99,"comment_status":"closed","ping_status":"closed","template":"","meta":{"_acf_changed":false,"footnotes":""},"class_list":["post-16","page","type-page","status-publish","hentry"],"acf":[],"yoast_head":"<!-- This site is optimized with the Yoast SEO plugin v27.4 - https:\/\/yoast.com\/product\/yoast-seo-wordpress\/ -->\n<title>Aviso legal | Innotec<\/title>\n<meta name=\"robots\" content=\"index, follow, max-snippet:-1, max-image-preview:large, max-video-preview:-1\" \/>\n<link rel=\"canonical\" href=\"https:\/\/innotecgrupo.com\/residencial\/aviso-legal\/\" \/>\n<meta property=\"og:locale\" content=\"es_ES\" \/>\n<meta property=\"og:type\" content=\"article\" \/>\n<meta property=\"og:title\" content=\"Aviso legal | Innotec\" \/>\n<meta property=\"og:description\" content=\"AVISO LEGAL En cumplimiento del art. 10 de la Ley 34\/2002, de 11 de julio, de Servicios de la Sociedad de la Informaci\u00f3n y de Comercio Electr\u00f3nico (LSSI+CE), se le informa: \u00a0 El titular de la p\u00e1gina https:\/\/innotecgrupo.com\/ es: \u00a0 Denominaci\u00f3n Social:\u00a0\u00a0 INNOTEC GESTION INSTALACIONES S.L. CIF: \u00a0B-99333106 Domicilio: C\/ Monasterio Descalzas Reales, n.\u00ba 21, [&hellip;]\" \/>\n<meta property=\"og:url\" content=\"https:\/\/innotecgrupo.com\/residencial\/aviso-legal\/\" \/>\n<meta property=\"og:site_name\" content=\"Innotec\" \/>\n<meta property=\"article:modified_time\" content=\"2025-07-30T14:18:31+00:00\" \/>\n<meta name=\"twitter:card\" content=\"summary_large_image\" \/>\n<meta name=\"twitter:label1\" content=\"Tiempo de lectura\" \/>\n\t<meta name=\"twitter:data1\" content=\"5 minutos\" \/>\n<script type=\"application\/ld+json\" class=\"yoast-schema-graph\">{\"@context\":\"https:\\\/\\\/schema.org\",\"@graph\":[{\"@type\":\"WebPage\",\"@id\":\"https:\\\/\\\/innotecgrupo.com\\\/residencial\\\/aviso-legal\\\/\",\"url\":\"https:\\\/\\\/innotecgrupo.com\\\/residencial\\\/aviso-legal\\\/\",\"name\":\"Aviso legal | Innotec\",\"isPartOf\":{\"@id\":\"https:\\\/\\\/innotecgrupo.com\\\/residencial\\\/#website\"},\"datePublished\":\"2022-01-07T10:58:40+00:00\",\"dateModified\":\"2025-07-30T14:18:31+00:00\",\"breadcrumb\":{\"@id\":\"https:\\\/\\\/innotecgrupo.com\\\/residencial\\\/aviso-legal\\\/#breadcrumb\"},\"inLanguage\":\"es\",\"potentialAction\":[{\"@type\":\"ReadAction\",\"target\":[\"https:\\\/\\\/innotecgrupo.com\\\/residencial\\\/aviso-legal\\\/\"]}]},{\"@type\":\"BreadcrumbList\",\"@id\":\"https:\\\/\\\/innotecgrupo.com\\\/residencial\\\/aviso-legal\\\/#breadcrumb\",\"itemListElement\":[{\"@type\":\"ListItem\",\"position\":1,\"name\":\"Portada\",\"item\":\"https:\\\/\\\/innotecgrupo.com\\\/residencial\\\/\"},{\"@type\":\"ListItem\",\"position\":2,\"name\":\"Aviso legal\"}]},{\"@type\":\"WebSite\",\"@id\":\"https:\\\/\\\/innotecgrupo.com\\\/residencial\\\/#website\",\"url\":\"https:\\\/\\\/innotecgrupo.com\\\/residencial\\\/\",\"name\":\"Innotec Grupo\",\"description\":\"CLIMATIZACI\u00d3N ENFOCADA AL BIENESTAR INTEGRAL\",\"publisher\":{\"@id\":\"https:\\\/\\\/innotecgrupo.com\\\/residencial\\\/#organization\"},\"potentialAction\":[{\"@type\":\"SearchAction\",\"target\":{\"@type\":\"EntryPoint\",\"urlTemplate\":\"https:\\\/\\\/innotecgrupo.com\\\/residencial\\\/?s={search_term_string}\"},\"query-input\":{\"@type\":\"PropertyValueSpecification\",\"valueRequired\":true,\"valueName\":\"search_term_string\"}}],\"inLanguage\":\"es\"},{\"@type\":\"Organization\",\"@id\":\"https:\\\/\\\/innotecgrupo.com\\\/residencial\\\/#organization\",\"name\":\"Innotec\",\"url\":\"https:\\\/\\\/innotecgrupo.com\\\/residencial\\\/\",\"logo\":{\"@type\":\"ImageObject\",\"inLanguage\":\"es\",\"@id\":\"https:\\\/\\\/innotecgrupo.com\\\/residencial\\\/#\\\/schema\\\/logo\\\/image\\\/\",\"url\":\"https:\\\/\\\/innotecgrupo.com\\\/residencial\\\/wp-content\\\/uploads\\\/2022\\\/01\\\/logo-innotec.png\",\"contentUrl\":\"https:\\\/\\\/innotecgrupo.com\\\/residencial\\\/wp-content\\\/uploads\\\/2022\\\/01\\\/logo-innotec.png\",\"width\":166,\"height\":31,\"caption\":\"Innotec\"},\"image\":{\"@id\":\"https:\\\/\\\/innotecgrupo.com\\\/residencial\\\/#\\\/schema\\\/logo\\\/image\\\/\"}}]}<\/script>\n<!-- \/ Yoast SEO plugin. -->","yoast_head_json":{"title":"Aviso legal | Innotec","robots":{"index":"index","follow":"follow","max-snippet":"max-snippet:-1","max-image-preview":"max-image-preview:large","max-video-preview":"max-video-preview:-1"},"canonical":"https:\/\/innotecgrupo.com\/residencial\/aviso-legal\/","og_locale":"es_ES","og_type":"article","og_title":"Aviso legal | Innotec","og_description":"AVISO LEGAL En cumplimiento del art. 10 de la Ley 34\/2002, de 11 de julio, de Servicios de la Sociedad de la Informaci\u00f3n y de Comercio Electr\u00f3nico (LSSI+CE), se le informa: \u00a0 El titular de la p\u00e1gina https:\/\/innotecgrupo.com\/ es: \u00a0 Denominaci\u00f3n Social:\u00a0\u00a0 INNOTEC GESTION INSTALACIONES S.L. CIF: \u00a0B-99333106 Domicilio: C\/ Monasterio Descalzas Reales, n.\u00ba 21, [&hellip;]","og_url":"https:\/\/innotecgrupo.com\/residencial\/aviso-legal\/","og_site_name":"Innotec","article_modified_time":"2025-07-30T14:18:31+00:00","twitter_card":"summary_large_image","twitter_misc":{"Tiempo de lectura":"5 minutos"},"schema":{"@context":"https:\/\/schema.org","@graph":[{"@type":"WebPage","@id":"https:\/\/innotecgrupo.com\/residencial\/aviso-legal\/","url":"https:\/\/innotecgrupo.com\/residencial\/aviso-legal\/","name":"Aviso legal | Innotec","isPartOf":{"@id":"https:\/\/innotecgrupo.com\/residencial\/#website"},"datePublished":"2022-01-07T10:58:40+00:00","dateModified":"2025-07-30T14:18:31+00:00","breadcrumb":{"@id":"https:\/\/innotecgrupo.com\/residencial\/aviso-legal\/#breadcrumb"},"inLanguage":"es","potentialAction":[{"@type":"ReadAction","target":["https:\/\/innotecgrupo.com\/residencial\/aviso-legal\/"]}]},{"@type":"BreadcrumbList","@id":"https:\/\/innotecgrupo.com\/residencial\/aviso-legal\/#breadcrumb","itemListElement":[{"@type":"ListItem","position":1,"name":"Portada","item":"https:\/\/innotecgrupo.com\/residencial\/"},{"@type":"ListItem","position":2,"name":"Aviso legal"}]},{"@type":"WebSite","@id":"https:\/\/innotecgrupo.com\/residencial\/#website","url":"https:\/\/innotecgrupo.com\/residencial\/","name":"Innotec Grupo","description":"CLIMATIZACI\u00d3N ENFOCADA AL BIENESTAR INTEGRAL","publisher":{"@id":"https:\/\/innotecgrupo.com\/residencial\/#organization"},"potentialAction":[{"@type":"SearchAction","target":{"@type":"EntryPoint","urlTemplate":"https:\/\/innotecgrupo.com\/residencial\/?s={search_term_string}"},"query-input":{"@type":"PropertyValueSpecification","valueRequired":true,"valueName":"search_term_string"}}],"inLanguage":"es"},{"@type":"Organization","@id":"https:\/\/innotecgrupo.com\/residencial\/#organization","name":"Innotec","url":"https:\/\/innotecgrupo.com\/residencial\/","logo":{"@type":"ImageObject","inLanguage":"es","@id":"https:\/\/innotecgrupo.com\/residencial\/#\/schema\/logo\/image\/","url":"https:\/\/innotecgrupo.com\/residencial\/wp-content\/uploads\/2022\/01\/logo-innotec.png","contentUrl":"https:\/\/innotecgrupo.com\/residencial\/wp-content\/uploads\/2022\/01\/logo-innotec.png","width":166,"height":31,"caption":"Innotec"},"image":{"@id":"https:\/\/innotecgrupo.com\/residencial\/#\/schema\/logo\/image\/"}}]}},"_links":{"self":[{"href":"https:\/\/innotecgrupo.com\/residencial\/wp-json\/wp\/v2\/pages\/16","targetHints":{"allow":["GET"]}}],"collection":[{"href":"https:\/\/innotecgrupo.com\/residencial\/wp-json\/wp\/v2\/pages"}],"about":[{"href":"https:\/\/innotecgrupo.com\/residencial\/wp-json\/wp\/v2\/types\/page"}],"author":[{"embeddable":true,"href":"https:\/\/innotecgrupo.com\/residencial\/wp-json\/wp\/v2\/users\/9"}],"replies":[{"embeddable":true,"href":"https:\/\/innotecgrupo.com\/residencial\/wp-json\/wp\/v2\/comments?post=16"}],"version-history":[{"count":20,"href":"https:\/\/innotecgrupo.com\/residencial\/wp-json\/wp\/v2\/pages\/16\/revisions"}],"predecessor-version":[{"id":23579,"href":"https:\/\/innotecgrupo.com\/residencial\/wp-json\/wp\/v2\/pages\/16\/revisions\/23579"}],"wp:attachment":[{"href":"https:\/\/innotecgrupo.com\/residencial\/wp-json\/wp\/v2\/media?parent=16"}],"curies":[{"name":"wp","href":"https:\/\/api.w.org\/{rel}","templated":true}]}}