{"id":3,"date":"2022-01-04T10:30:44","date_gmt":"2022-01-04T10:30:44","guid":{"rendered":"https:\/\/greenyellow-alligator-204266.hostingersite.com\/hogar\/?page_id=3"},"modified":"2025-07-30T16:25:01","modified_gmt":"2025-07-30T14:25:01","slug":"politica-privacidad","status":"publish","type":"page","link":"https:\/\/innotecgrupo.com\/hogar\/politica-privacidad\/","title":{"rendered":"Pol\u00edtica de privacidad"},"content":{"rendered":"\t\t<div data-elementor-type=\"wp-page\" data-elementor-id=\"3\" class=\"elementor elementor-3\" data-elementor-post-type=\"page\">\n\t\t\t\t\t\t<section class=\"has_ae_slider elementor-section elementor-top-section elementor-element elementor-element-b37db22 elementor-section-height-min-height elementor-section-boxed elementor-section-height-default elementor-section-items-middle ae-bg-gallery-type-default\" data-id=\"b37db22\" data-element_type=\"section\" data-e-type=\"section\" data-settings=\"{&quot;background_background&quot;:&quot;gradient&quot;}\">\n\t\t\t\t\t\t<div class=\"elementor-container elementor-column-gap-default\">\n\t\t\t\t\t<div class=\"has_ae_slider elementor-column elementor-col-100 elementor-top-column elementor-element elementor-element-024ad40 ae-bg-gallery-type-default\" data-id=\"024ad40\" data-element_type=\"column\" data-e-type=\"column\">\n\t\t\t<div class=\"elementor-widget-wrap elementor-element-populated\">\n\t\t\t\t\t\t<div class=\"elementor-element elementor-element-d45822c elementor-widget elementor-widget-heading\" data-id=\"d45822c\" data-element_type=\"widget\" data-e-type=\"widget\" data-widget_type=\"heading.default\">\n\t\t\t\t<div class=\"elementor-widget-container\">\n\t\t\t\t\t<h1 class=\"elementor-heading-title elementor-size-default\">POL\u00cdTICA DE PRIVACIDAD\n<\/h1>\t\t\t\t<\/div>\n\t\t\t\t<\/div>\n\t\t\t\t\t<\/div>\n\t\t<\/div>\n\t\t\t\t\t<\/div>\n\t\t<\/section>\n\t\t\t\t<section class=\"has_ae_slider elementor-section elementor-top-section elementor-element elementor-element-bf0de4a elementor-section-full_width elementor-section-height-default elementor-section-height-default ae-bg-gallery-type-default\" data-id=\"bf0de4a\" data-element_type=\"section\" data-e-type=\"section\">\n\t\t\t\t\t\t<div class=\"elementor-container elementor-column-gap-default\">\n\t\t\t\t\t<div class=\"has_ae_slider elementor-column elementor-col-100 elementor-top-column elementor-element elementor-element-3e574f5 ae-bg-gallery-type-default\" data-id=\"3e574f5\" data-element_type=\"column\" data-e-type=\"column\">\n\t\t\t<div class=\"elementor-widget-wrap elementor-element-populated\">\n\t\t\t\t\t\t\t<\/div>\n\t\t<\/div>\n\t\t\t\t\t<\/div>\n\t\t<\/section>\n\t\t\t\t<section class=\"has_ae_slider elementor-section elementor-top-section elementor-element elementor-element-88ea756 elementor-section-boxed elementor-section-height-default elementor-section-height-default ae-bg-gallery-type-default\" data-id=\"88ea756\" data-element_type=\"section\" data-e-type=\"section\">\n\t\t\t\t\t\t<div class=\"elementor-container elementor-column-gap-default\">\n\t\t\t\t\t<div class=\"has_ae_slider elementor-column elementor-col-100 elementor-top-column elementor-element elementor-element-0559767 ae-bg-gallery-type-default\" data-id=\"0559767\" data-element_type=\"column\" data-e-type=\"column\">\n\t\t\t<div class=\"elementor-widget-wrap elementor-element-populated\">\n\t\t\t\t\t\t<div class=\"elementor-element elementor-element-5e5653a elementor-widget elementor-widget-text-editor\" data-id=\"5e5653a\" data-element_type=\"widget\" data-e-type=\"widget\" data-widget_type=\"text-editor.default\">\n\t\t\t\t<div class=\"elementor-widget-container\">\n\t\t\t\t\t\t\t\t\t<p>INNOTEC GESTION INSTALACIONES S.L. en cumplimiento de lo establecido en el Reglamento General de Protecci\u00f3n de datos (RGPD 2016\/679) y la Ley de Protecci\u00f3n de Datos Personales y garant\u00eda de los derechos digitales (LO 3\/2018), informa a los usuarios de la p\u00e1gina web https:\/\/innotecgrupo.com\/.<\/p><p>\u00a0<\/p><p><strong>1.- \u00bfQui\u00e9n es el responsable del tratamiento de sus datos?<\/strong><\/p><p><strong>\u00a0<\/strong><\/p><p>INNOTEC GESTION INSTALACIONES S.L. con CIF B99333106 y domicilio a efectos de notificaciones en C\/ Monasterio Descalzas Reales, n.\u00ba 21, Nave 9, 50014 de Zaragoza.<\/p><p>Puede contactar llamando al 976547332 o a trav\u00e9s del correo electr\u00f3nico info@innotecgrupo.com.<\/p><p>\u00a0<\/p><p><strong>2.- \u00bfCon que finalidad recogemos sus datos y base jur\u00eddica parar tratar sus datos?<\/strong><\/p><p>\u00a0<\/p><p><em><u>DATOS PERSONALES DE CLIENTES<\/u><\/em><\/p><p>\u00a0<\/p><ul><li><strong>Finalidad:<\/strong> Presupuestar los servicios solicitados<\/li><li><strong>Base Jur\u00eddica:<\/strong> Es la ejecuci\u00f3n de medidas precontractuales a petici\u00f3n del interesado (presupuestos)<\/li><\/ul><p>\u00a0<\/p><ul><li><strong>Finalidad:<\/strong> Prestaci\u00f3n de los servicios solicitados<\/li><li><strong>Base Jur\u00eddica:<\/strong> Es la ejecuci\u00f3n de un contrato<\/li><\/ul><p><strong>\u00a0<\/strong><\/p><ul><li><strong>Finalidad:<\/strong> Gesti\u00f3n interna cliente-empresa<\/li><li><strong>Base Jur\u00eddica:<\/strong> Es la obligaci\u00f3n legal de INNOTEC GESTION INSTALACIONES S.L.de cumplir con sus obligaciones fiscales y tributarias<\/li><\/ul><p>\u00a0<\/p><ul><li><strong>Finalidad:<\/strong> Gesti\u00f3n administrativa de nuestra empresa<\/li><li><strong>Base Jur\u00eddica:<\/strong> Es la ejecuci\u00f3n de un contrato<\/li><\/ul><p>\u00a0<\/p><ul><li><strong>Finalidad:<\/strong> Facturaci\u00f3n de los servicios solicitados, en su caso<\/li><li><strong>Base Jur\u00eddica:<\/strong> Es la obligaci\u00f3n legal de INNOTEC GESTION INSTALACIONES S.L. de cumplir con sus obligaciones fiscales y tributarias<\/li><\/ul><p>\u00a0<\/p><ul><li><strong>Finalidad:<\/strong> Env\u00edo de informaci\u00f3n comercial<\/li><li><strong>Base Jur\u00eddica:<\/strong> Es el consentimiento<\/li><\/ul><p>\u00a0<\/p><ul><li><strong>Finalid<\/strong><strong>ad<\/strong>: Env\u00edo de informaci\u00f3n comercial<\/li><li><strong>Base Jur\u00eddica<\/strong>: Es el inter\u00e9s leg\u00edtimo en base al art. 21.2 de la Ley de Servicios de la Sociedad de la Informaci\u00f3n.<\/li><\/ul><p>\u00a0<\/p><p>\u00a0<\/p><p><em><u>DATOS PERSONALES RECOGIDOS EN NUESTRA P\u00c1GINA WEB<\/u><\/em><\/p><p>\u00a0<\/p><p>Adem\u00e1s, en esta p\u00e1gina web se recogen datos de car\u00e1cter personal a trav\u00e9s de diferentes formularios. Los datos solicitados en cada formulario son los necesarios para la finalidad por la cual se recogen. La finalidad de tratamiento son los siguientes:\u00a0<\/p><p>\u00a0<\/p><p><em><u>FORMULARIOS DE CONTACTO<\/u><\/em><\/p><p>\u00a0<\/p><ul><li><strong>Finalidad:<\/strong> Poder contestar las consultas planteadas y enviar al usuario la informaci\u00f3n solicitada a trav\u00e9s del correo electr\u00f3nico o tel\u00e9fono indicados en el formulario<\/li><li><strong>Base Jur\u00eddica:<\/strong> Es el consentimiento del usuario<\/li><\/ul><p>\u00a0<\/p><p><em><u>CORREO ELECTRONICO\/WHATSAPP<\/u><\/em><\/p><p>\u00a0<\/p><ul><li><strong>Finalidad:<\/strong> Si el usuario se pone en contacto a trav\u00e9s del correo electr\u00f3nico y\/o WhatsApp publicado en esta p\u00e1gina web, sus datos ser\u00e1n tratados para contestar las consultas planteadas y poderle enviar la informaci\u00f3n solicitada a trav\u00e9s del correo electr\u00f3nico y\/o WhatsApp a trav\u00e9s del cual se recibe la consulta<\/li><li><strong>Base Jur\u00eddica:<\/strong> Es el inter\u00e9s leg\u00edtimo de nuestra empresa de responder a las comunicaciones recibidas<\/li><\/ul><p>\u00a0<\/p><p><strong>3.- \u00bfQu\u00e9 categor\u00eda de datos tratamos?<\/strong><\/p><p>\u00a0<\/p><p>Los datos que se recaban, de forma enunciativa que no limitativa, se refieren a la categor\u00eda de datos identificativos, como pueden ser: Nombre, tel\u00e9fono y correo electr\u00f3nico.<\/p><p>\u00a0<\/p><p><strong>4.- \u00bfCu\u00e1nto tiempo conservamos sus datos?<\/strong><\/p><p>\u00a0<\/p><p><em><u>DATOS PERSONALES DE CLIENTES <\/u><\/em><\/p><p>\u00a0<\/p><p>Los datos personales facilitados ser\u00e1n conservados mientras se mantenga la relaci\u00f3n comercial o el usuario solicite su supresi\u00f3n. Finalizada la relaci\u00f3n comercial los datos ser\u00e1n conservados mientras sea necesario para dar cumplimiento a las obligaciones legales. Una vez prescritas las responsabilidades derivadas de dichas obligaciones legales sus datos ser\u00e1n suprimidos.<\/p><p>Los datos personales necesarios para el env\u00edo de comunicaciones comerciales, en caso de que los haya autorizado, ser\u00e1n conservados siempre que no solicite su supresi\u00f3n.<\/p><p>\u00a0<\/p><p><em><u>DATOS PERSONALES FORMULARIOS P\u00c1GINA WEB<\/u><\/em><\/p><p>\u00a0<\/p><p>Los datos recogidos a trav\u00e9s de los formularios de nuestra p\u00e1gina web ser\u00e1n conservados mientras sean necesarios para dar cumplimiento a la finalidad por la cual fueron recogidos o el usuario solicite su supresi\u00f3n. Los datos personales necesarios para el env\u00edo de comunicaciones comerciales, en caso de que los haya autorizado, ser\u00e1n conservados siempre que no solicite su supresi\u00f3n.<\/p><p><strong>\u00a0<\/strong><\/p><p><strong>5.- \u00bfRealizamos perfiles con sus datos?<\/strong><\/p><p>\u00a0<\/p><p>No se tomar\u00e1n decisiones automatizadas ni se realizar\u00e1n perfiles.<\/p><p>\u00a0<\/p><p><strong>6.- \u00bfA qui\u00e9n cedemos sus datos?<\/strong><\/p><p><strong>\u00a0<\/strong><\/p><p>No se prev\u00e9n cesiones de datos a excepci\u00f3n de las autorizadas por la legislaci\u00f3n fiscal, mercantil y de telecomunicaciones, as\u00ed como en aquellos casos en los que una autoridad judicial nos lo requiera.<\/p><p>\u00a0<\/p><p>INNOTEC GESTION INSTALACIONES S.L. puede compartir datos personales con empresas externas que prestan servicios al INNOTEC GESTION INSTALACIONES S.L. Con todas estas empresas se formaliza un Contrato de Confidencialidad para garantizar el uso de datos personales de acuerdo a las exigencias de la normativa vigente en Protecci\u00f3n de Datos.<\/p><p>\u00a0<\/p><p><strong>7.- \u00bfQu\u00e9 terceros prestan servicios en esta web?<\/strong><\/p><p>\u00a0<\/p><p>Para el desarrollo de esta p\u00e1gina web se utilizan los siguientes proveedores de servicios:<\/p><p>\u00a0<\/p><p>Hosting: Los servidores donde est\u00e1 alojada nuestra p\u00e1gina web est\u00e1n ubicados en la UE.<\/p><p><strong>\u00a0<\/strong><\/p><p><strong>8.- \u00bfQu\u00e9 derechos tiene y como ejercerlos?<\/strong><\/p><p>\u00a0<\/p><p>El usuario tiene derecho a <u>acceder<\/u> a sus datos personales, a solicitar la <u>rectificaci\u00f3n<\/u> de los que sean inexactos, as\u00ed como a su <u>supresi\u00f3n<\/u> cuando, entre otros motivos, ya no sean necesarios para los fines que fueron recogidos. En determinadas circunstancias, tambi\u00e9n podr\u00e1 solicitar la <u>limitaci\u00f3n<\/u> de su tratamiento, en cuyo caso \u00fanicamente se conservar\u00e1n para el ejercicio o la defensa de reclamaciones, as\u00ed como pedir la <u>portabilidad<\/u> de sus datos. Por motivos relacionados con su situaci\u00f3n particular, podr\u00e1 <u>oponerse<\/u> al tratamiento de los mismos y INNOTEC GESTION INSTALACIONES S.L. dejar\u00e1 de tratarlos, salvo por motivos leg\u00edtimos imperiosos, o el ejercicio o la defensa de posibles reclamaciones.<\/p><p>\u00a0<\/p><p>El solicitante podr\u00e1 <u>revocar los consentimientos<\/u> prestados en cualquier momento. El solicitante podr\u00e1 ejercer sus derechos a trav\u00e9s del correo electr\u00f3nico info@innotecgrupo.com o en las oficinas situadas en C\/ Monasterio Descalzas Reales, n.\u00ba 21, Nave 9, 50014 de Zaragoza, adjuntando fotocopia del DNI e indicando el derecho que ejercita. Ud. tambi\u00e9n podr\u00e1 presentar una reclamaci\u00f3n ante la Agencia Espa\u00f1ola de Protecci\u00f3n de Datos.<\/p><p><strong>\u00a0<\/strong><\/p><p><strong>9.- \u00bfQu\u00e9 medidas de seguridad tenemos implantadas?<\/strong><\/p><p>\u00a0<\/p><p>Dentro de nuestro compromiso por garantizar la seguridad y confidencialidad de sus datos de car\u00e1cter personal, le informamos que se han adoptado las medidas de \u00edndole t\u00e9cnica y organizativas necesarias para garantizar la seguridad de los datos de car\u00e1cter personal y evitar su alteraci\u00f3n, p\u00e9rdida, tratamiento o acceso no autorizado, habida cuenta del estado de la tecnolog\u00eda, la naturaleza de los datos almacenados y los riesgos a que est\u00e9n expuestos, seg\u00fan el Art. 32 del RGPD EU 679\/2016.<\/p><p>\u00a0<\/p><p><strong>10.- \u00bfC\u00f3mo funcionan nuestras redes sociales?<\/strong><\/p><p>\u00a0<\/p><p>A trav\u00e9s de nuestras redes sociales puedes compartir nuestros contenidos o dejarnos tus comentarios, fotos o v\u00eddeos, siempre que sean del inter\u00e9s para toda la comunidad.<\/p><p>\u00a0<\/p><p>Nuestras redes sociales est\u00e1n constantemente supervisadas con el fin de atender vuestras preguntas y comentarios en el menor tiempo posible.<\/p><p>\u00a0<\/p><p>Queremos que sea un espacio del que todos disfrutemos, por lo que es importante que entre todos respetemos unas normas de convivencia:<\/p><p>\u00a0<\/p><ol><li>T\u00fa eres el responsable de los contenidos que publiques, no caigas en la violaci\u00f3n de cualquier derecho, ley o reglamento.<\/li><\/ol><p>\u00a0<\/p><ol start=\"2\"><li>Cuida la redacci\u00f3n y el tono, evita publicar cualquier informaci\u00f3n abusiva, difamatoria u obscena.<\/li><\/ol><p>\u00a0<\/p><ol start=\"3\"><li>Respeta el derecho a la privacidad, no hagas comentarios il\u00edcitos, ofensivos o discriminatorios sobre terceros.<\/li><\/ol><p>\u00a0<\/p><ol start=\"4\"><li>Evita comentarios fraudulentos, enga\u00f1osos o que puedan inducir al error.<\/li><\/ol><p>\u00a0<\/p><ol start=\"5\"><li>No permitimos el spam, ni los mensajes comerciales o publicitarios, no queremos mensajes repetitivos.<\/li><\/ol><p>\u00a0<\/p><ol start=\"6\"><li>No mantendremos conversaciones con perfiles que podamos considerar como falsos.<\/li><\/ol><p>\u00a0<\/p><p>Por favor, ten en cuenta que el contenido publicado por los seguidores en nuestras p\u00e1ginas no necesariamente refleja el punto de vista de nuestra empresa.<\/p><p>\u00a0<\/p><p>Si tus comentarios no cumplen las \u2018Normas de la casa\u2019, podr\u00e1n ser eliminados, ocultados o bloqueados. Cualquiera que publique contenidos no permitidos ser\u00e1 bloqueado de la comunidad.<\/p><p>\u00a0<\/p><p>Nos reservamos el derecho a modificar estas normas en cualquier momento y sin previo aviso.<\/p>\t\t\t\t\t\t\t\t<\/div>\n\t\t\t\t<\/div>\n\t\t\t\t\t<\/div>\n\t\t<\/div>\n\t\t\t\t\t<\/div>\n\t\t<\/section>\n\t\t\t\t<\/div>\n\t\t","protected":false},"excerpt":{"rendered":"<p>POL\u00cdTICA DE PRIVACIDAD INNOTEC GESTION INSTALACIONES S.L. en cumplimiento de lo establecido en el Reglamento General de Protecci\u00f3n de datos (RGPD 2016\/679) y la Ley de Protecci\u00f3n de Datos Personales y garant\u00eda de los derechos digitales (LO 3\/2018), informa a los usuarios de la p\u00e1gina web https:\/\/innotecgrupo.com\/. \u00a0 1.- \u00bfQui\u00e9n es el responsable del tratamiento [&hellip;]<\/p>\n","protected":false},"author":9,"featured_media":0,"parent":0,"menu_order":99,"comment_status":"closed","ping_status":"closed","template":"elementor_header_footer","meta":{"_acf_changed":false,"footnotes":""},"class_list":["post-3","page","type-page","status-publish","hentry"],"acf":[],"yoast_head":"<!-- This site is optimized with the Yoast SEO plugin v27.4 - https:\/\/yoast.com\/product\/yoast-seo-wordpress\/ -->\n<title>Pol\u00edtica de privacidad | Innotec Grupo - Hogar<\/title>\n<meta name=\"robots\" content=\"index, follow, max-snippet:-1, max-image-preview:large, max-video-preview:-1\" \/>\n<link rel=\"canonical\" href=\"https:\/\/innotecgrupo.com\/hogar\/politica-privacidad\/\" \/>\n<meta property=\"og:locale\" content=\"es_ES\" \/>\n<meta property=\"og:type\" content=\"article\" \/>\n<meta property=\"og:title\" content=\"Pol\u00edtica de privacidad | Innotec Grupo - Hogar\" \/>\n<meta property=\"og:description\" content=\"POL\u00cdTICA DE PRIVACIDAD INNOTEC GESTION INSTALACIONES S.L. en cumplimiento de lo establecido en el Reglamento General de Protecci\u00f3n de datos (RGPD 2016\/679) y la Ley de Protecci\u00f3n de Datos Personales y garant\u00eda de los derechos digitales (LO 3\/2018), informa a los usuarios de la p\u00e1gina web https:\/\/innotecgrupo.com\/. \u00a0 1.- \u00bfQui\u00e9n es el responsable del tratamiento [&hellip;]\" \/>\n<meta property=\"og:url\" content=\"https:\/\/innotecgrupo.com\/hogar\/politica-privacidad\/\" \/>\n<meta property=\"og:site_name\" content=\"Innotec Grupo - Hogar\" \/>\n<meta property=\"article:modified_time\" content=\"2025-07-30T14:25:01+00:00\" \/>\n<meta name=\"twitter:card\" content=\"summary_large_image\" \/>\n<meta name=\"twitter:label1\" content=\"Tiempo de lectura\" \/>\n\t<meta name=\"twitter:data1\" content=\"6 minutos\" \/>\n<script type=\"application\/ld+json\" class=\"yoast-schema-graph\">{\"@context\":\"https:\\\/\\\/schema.org\",\"@graph\":[{\"@type\":\"WebPage\",\"@id\":\"https:\\\/\\\/innotecgrupo.com\\\/hogar\\\/politica-privacidad\\\/\",\"url\":\"https:\\\/\\\/innotecgrupo.com\\\/hogar\\\/politica-privacidad\\\/\",\"name\":\"Pol\u00edtica de privacidad | Innotec Grupo - Hogar\",\"isPartOf\":{\"@id\":\"https:\\\/\\\/innotecgrupo.com\\\/hogar\\\/#website\"},\"datePublished\":\"2022-01-04T10:30:44+00:00\",\"dateModified\":\"2025-07-30T14:25:01+00:00\",\"breadcrumb\":{\"@id\":\"https:\\\/\\\/innotecgrupo.com\\\/hogar\\\/politica-privacidad\\\/#breadcrumb\"},\"inLanguage\":\"es\",\"potentialAction\":[{\"@type\":\"ReadAction\",\"target\":[\"https:\\\/\\\/innotecgrupo.com\\\/hogar\\\/politica-privacidad\\\/\"]}]},{\"@type\":\"BreadcrumbList\",\"@id\":\"https:\\\/\\\/innotecgrupo.com\\\/hogar\\\/politica-privacidad\\\/#breadcrumb\",\"itemListElement\":[{\"@type\":\"ListItem\",\"position\":1,\"name\":\"Portada\",\"item\":\"https:\\\/\\\/innotecgrupo.com\\\/hogar\\\/\"},{\"@type\":\"ListItem\",\"position\":2,\"name\":\"Pol\u00edtica de privacidad\"}]},{\"@type\":\"WebSite\",\"@id\":\"https:\\\/\\\/innotecgrupo.com\\\/hogar\\\/#website\",\"url\":\"https:\\\/\\\/innotecgrupo.com\\\/hogar\\\/\",\"name\":\"Innotec Grupo\",\"description\":\"CLIMATIZACI\u00d3N ENFOCADA AL BIENESTAR INTEGRAL\",\"publisher\":{\"@id\":\"https:\\\/\\\/innotecgrupo.com\\\/hogar\\\/#organization\"},\"potentialAction\":[{\"@type\":\"SearchAction\",\"target\":{\"@type\":\"EntryPoint\",\"urlTemplate\":\"https:\\\/\\\/innotecgrupo.com\\\/hogar\\\/?s={search_term_string}\"},\"query-input\":{\"@type\":\"PropertyValueSpecification\",\"valueRequired\":true,\"valueName\":\"search_term_string\"}}],\"inLanguage\":\"es\"},{\"@type\":\"Organization\",\"@id\":\"https:\\\/\\\/innotecgrupo.com\\\/hogar\\\/#organization\",\"name\":\"Innotec\",\"url\":\"https:\\\/\\\/innotecgrupo.com\\\/hogar\\\/\",\"logo\":{\"@type\":\"ImageObject\",\"inLanguage\":\"es\",\"@id\":\"https:\\\/\\\/innotecgrupo.com\\\/hogar\\\/#\\\/schema\\\/logo\\\/image\\\/\",\"url\":\"https:\\\/\\\/innotecgrupo.com\\\/hogar\\\/wp-content\\\/uploads\\\/2022\\\/01\\\/logo-innotec.png\",\"contentUrl\":\"https:\\\/\\\/innotecgrupo.com\\\/hogar\\\/wp-content\\\/uploads\\\/2022\\\/01\\\/logo-innotec.png\",\"width\":166,\"height\":31,\"caption\":\"Innotec\"},\"image\":{\"@id\":\"https:\\\/\\\/innotecgrupo.com\\\/hogar\\\/#\\\/schema\\\/logo\\\/image\\\/\"}}]}<\/script>\n<!-- \/ Yoast SEO plugin. -->","yoast_head_json":{"title":"Pol\u00edtica de privacidad | Innotec Grupo - Hogar","robots":{"index":"index","follow":"follow","max-snippet":"max-snippet:-1","max-image-preview":"max-image-preview:large","max-video-preview":"max-video-preview:-1"},"canonical":"https:\/\/innotecgrupo.com\/hogar\/politica-privacidad\/","og_locale":"es_ES","og_type":"article","og_title":"Pol\u00edtica de privacidad | Innotec Grupo - Hogar","og_description":"POL\u00cdTICA DE PRIVACIDAD INNOTEC GESTION INSTALACIONES S.L. en cumplimiento de lo establecido en el Reglamento General de Protecci\u00f3n de datos (RGPD 2016\/679) y la Ley de Protecci\u00f3n de Datos Personales y garant\u00eda de los derechos digitales (LO 3\/2018), informa a los usuarios de la p\u00e1gina web https:\/\/innotecgrupo.com\/. \u00a0 1.- \u00bfQui\u00e9n es el responsable del tratamiento [&hellip;]","og_url":"https:\/\/innotecgrupo.com\/hogar\/politica-privacidad\/","og_site_name":"Innotec Grupo - Hogar","article_modified_time":"2025-07-30T14:25:01+00:00","twitter_card":"summary_large_image","twitter_misc":{"Tiempo de lectura":"6 minutos"},"schema":{"@context":"https:\/\/schema.org","@graph":[{"@type":"WebPage","@id":"https:\/\/innotecgrupo.com\/hogar\/politica-privacidad\/","url":"https:\/\/innotecgrupo.com\/hogar\/politica-privacidad\/","name":"Pol\u00edtica de privacidad | Innotec Grupo - Hogar","isPartOf":{"@id":"https:\/\/innotecgrupo.com\/hogar\/#website"},"datePublished":"2022-01-04T10:30:44+00:00","dateModified":"2025-07-30T14:25:01+00:00","breadcrumb":{"@id":"https:\/\/innotecgrupo.com\/hogar\/politica-privacidad\/#breadcrumb"},"inLanguage":"es","potentialAction":[{"@type":"ReadAction","target":["https:\/\/innotecgrupo.com\/hogar\/politica-privacidad\/"]}]},{"@type":"BreadcrumbList","@id":"https:\/\/innotecgrupo.com\/hogar\/politica-privacidad\/#breadcrumb","itemListElement":[{"@type":"ListItem","position":1,"name":"Portada","item":"https:\/\/innotecgrupo.com\/hogar\/"},{"@type":"ListItem","position":2,"name":"Pol\u00edtica de privacidad"}]},{"@type":"WebSite","@id":"https:\/\/innotecgrupo.com\/hogar\/#website","url":"https:\/\/innotecgrupo.com\/hogar\/","name":"Innotec Grupo","description":"CLIMATIZACI\u00d3N ENFOCADA AL BIENESTAR INTEGRAL","publisher":{"@id":"https:\/\/innotecgrupo.com\/hogar\/#organization"},"potentialAction":[{"@type":"SearchAction","target":{"@type":"EntryPoint","urlTemplate":"https:\/\/innotecgrupo.com\/hogar\/?s={search_term_string}"},"query-input":{"@type":"PropertyValueSpecification","valueRequired":true,"valueName":"search_term_string"}}],"inLanguage":"es"},{"@type":"Organization","@id":"https:\/\/innotecgrupo.com\/hogar\/#organization","name":"Innotec","url":"https:\/\/innotecgrupo.com\/hogar\/","logo":{"@type":"ImageObject","inLanguage":"es","@id":"https:\/\/innotecgrupo.com\/hogar\/#\/schema\/logo\/image\/","url":"https:\/\/innotecgrupo.com\/hogar\/wp-content\/uploads\/2022\/01\/logo-innotec.png","contentUrl":"https:\/\/innotecgrupo.com\/hogar\/wp-content\/uploads\/2022\/01\/logo-innotec.png","width":166,"height":31,"caption":"Innotec"},"image":{"@id":"https:\/\/innotecgrupo.com\/hogar\/#\/schema\/logo\/image\/"}}]}},"_links":{"self":[{"href":"https:\/\/innotecgrupo.com\/hogar\/wp-json\/wp\/v2\/pages\/3","targetHints":{"allow":["GET"]}}],"collection":[{"href":"https:\/\/innotecgrupo.com\/hogar\/wp-json\/wp\/v2\/pages"}],"about":[{"href":"https:\/\/innotecgrupo.com\/hogar\/wp-json\/wp\/v2\/types\/page"}],"author":[{"embeddable":true,"href":"https:\/\/innotecgrupo.com\/hogar\/wp-json\/wp\/v2\/users\/9"}],"replies":[{"embeddable":true,"href":"https:\/\/innotecgrupo.com\/hogar\/wp-json\/wp\/v2\/comments?post=3"}],"version-history":[{"count":12,"href":"https:\/\/innotecgrupo.com\/hogar\/wp-json\/wp\/v2\/pages\/3\/revisions"}],"predecessor-version":[{"id":25294,"href":"https:\/\/innotecgrupo.com\/hogar\/wp-json\/wp\/v2\/pages\/3\/revisions\/25294"}],"wp:attachment":[{"href":"https:\/\/innotecgrupo.com\/hogar\/wp-json\/wp\/v2\/media?parent=3"}],"curies":[{"name":"wp","href":"https:\/\/api.w.org\/{rel}","templated":true}]}}